{"id":2118,"date":"2025-02-08T14:23:53","date_gmt":"2025-02-08T14:23:53","guid":{"rendered":"https:\/\/maroufturk.com\/?page_id=2118"},"modified":"2025-02-08T14:26:30","modified_gmt":"2025-02-08T14:26:30","slug":"top-viewed-products","status":"publish","type":"page","link":"https:\/\/maroufturk.com\/fr\/top-viewed-products\/","title":{"rendered":"Top Viewed Products"},"content":{"rendered":"<div data-elementor-type=\"wp-page\" data-elementor-id=\"2118\" class=\"elementor elementor-2118\">\n\t\t\t\t\t\t<section class=\"elementor-section elementor-top-section elementor-element elementor-element-e494122 elementor-section-boxed elementor-section-height-default elementor-section-height-default\" data-id=\"e494122\" data-element_type=\"section\" data-e-type=\"section\">\n\t\t\t\t\t\t<div class=\"elementor-container elementor-column-gap-default\">\n\t\t\t\t\t<div class=\"aux-parallax-section elementor-column elementor-col-100 elementor-top-column elementor-element elementor-element-e2f814e\" data-id=\"e2f814e\" data-element_type=\"column\" data-e-type=\"column\">\n\t\t\t<div class=\"elementor-widget-wrap elementor-element-populated\">\n\t\t\t\t\t\t<div class=\"elementor-element elementor-element-6a71cff elementor-widget elementor-widget-shortcode\" data-id=\"6a71cff\" data-element_type=\"widget\" data-e-type=\"widget\" data-widget_type=\"shortcode.default\">\n\t\t\t\t<div class=\"elementor-widget-container\">\n\t\t\t\t\t\t\t<div class=\"elementor-shortcode\"><div class=\"portfolio-container\"><h2 class=\"portfolio-title\">Portefeuilles les plus consult\u00e9s<\/h2><div class=\"portfolio-grid\"><div class=\"portfolio-item\"><a href=\"https:\/\/maroufturk.com\/fr\/portfolio\/raw-materials-nhl-3-5-wood-logs\/\"><img decoding=\"async\" src=\"https:\/\/maroufturk.com\/wp-content\/uploads\/2023\/08\/Raw-Materials.jpg\" alt=\"Raw Materials\"><div class=\"portfolio-details\"><h3>Mati\u00e8res premi\u00e8res<\/h3><p>Views: 7626<\/p><\/div><\/a><\/div><div class=\"portfolio-item\"><a href=\"https:\/\/maroufturk.com\/fr\/portfolio\/high-tech-engineering-solutions\/\"><img decoding=\"async\" src=\"https:\/\/maroufturk.com\/wp-content\/uploads\/2023\/08\/pexels-pixabay-256381.jpg\" alt=\"High-Tech Engineering Solutions\"><div class=\"portfolio-details\"><h3>Solutions d&#039;ing\u00e9nierie de haute technologie<\/h3><p>Views: 3535<\/p><\/div><\/a><\/div><div class=\"portfolio-item\"><a href=\"https:\/\/maroufturk.com\/fr\/portfolio\/furniture\/\"><img decoding=\"async\" src=\"https:\/\/maroufturk.com\/wp-content\/uploads\/2023\/08\/pexels-max-rahubovskiy-6782578.jpg\" alt=\"Furniture\"><div class=\"portfolio-details\"><h3>Meubles<\/h3><p>Views: 3297<\/p><\/div><\/a><\/div><div class=\"portfolio-item\"><a href=\"https:\/\/maroufturk.com\/fr\/portfolio\/cosmetic\/\"><img decoding=\"async\" src=\"https:\/\/maroufturk.com\/wp-content\/uploads\/2024\/01\/pexels-moose-photos-1029896.jpg\" alt=\"Cosmetic\"><div class=\"portfolio-details\"><h3>Cosm\u00e9tique<\/h3><p>Views: 2657<\/p><\/div><\/a><\/div><div class=\"portfolio-item\"><a href=\"https:\/\/maroufturk.com\/fr\/portfolio\/eco-friendly-materials\/\"><img decoding=\"async\" src=\"https:\/\/maroufturk.com\/wp-content\/uploads\/2025\/01\/pexels-kelly-1179532-4320473.jpg\" alt=\"Eco Friendly Materials\"><div class=\"portfolio-details\"><h3>Mat\u00e9riaux respectueux de l&#039;environnement<\/h3><p>Views: 2647<\/p><\/div><\/a><\/div><div class=\"portfolio-item\"><a href=\"https:\/\/maroufturk.com\/fr\/portfolio\/wall-covers\/\"><img decoding=\"async\" src=\"https:\/\/maroufturk.com\/wp-content\/uploads\/2023\/08\/Wall-Covers.jpg\" alt=\"Wall Covers\"><div class=\"portfolio-details\"><h3>Couvertures murales<\/h3><p>Views: 2628<\/p><\/div><\/a><\/div><div class=\"portfolio-item\"><a href=\"https:\/\/maroufturk.com\/fr\/portfolio\/landscape\/\"><img decoding=\"async\" src=\"https:\/\/maroufturk.com\/wp-content\/uploads\/2023\/08\/Landscape.jpg\" alt=\"Landscape\"><div class=\"portfolio-details\"><h3>Paysage<\/h3><p>Views: 2617<\/p><\/div><\/a><\/div><div class=\"portfolio-item\"><a href=\"https:\/\/maroufturk.com\/fr\/portfolio\/accessories\/\"><img decoding=\"async\" src=\"https:\/\/maroufturk.com\/wp-content\/uploads\/2023\/08\/Accessories.jpg\" alt=\"Accessories\"><div class=\"portfolio-details\"><h3>Accessoires<\/h3><p>Views: 2596<\/p><\/div><\/a><\/div><div class=\"portfolio-item\"><a href=\"https:\/\/maroufturk.com\/fr\/portfolio\/flooring-marble-hdf-mdf-laminated-floor-porcelain-ceramic-floor-carpet-rug\/\"><img decoding=\"async\" src=\"https:\/\/maroufturk.com\/wp-content\/uploads\/2023\/08\/pexels-bidvine-1249611.jpg\" alt=\"Flooring\"><div class=\"portfolio-details\"><h3>Sol<\/h3><p>Views: 2573<\/p><\/div><\/a><\/div><div class=\"portfolio-item hidden\"><a href=\"https:\/\/maroufturk.com\/fr\/portfolio\/complete-projects\/\"><img decoding=\"async\" src=\"https:\/\/maroufturk.com\/wp-content\/uploads\/2023\/08\/pexels-adrien-olichon-3137068.jpg\" alt=\"Complete Projects\"><div class=\"portfolio-details\"><h3>Projets termin\u00e9s<\/h3><p>Views: 2529<\/p><\/div><\/a><\/div><div class=\"portfolio-item hidden\"><a href=\"https:\/\/maroufturk.com\/fr\/portfolio\/production-lines\/\"><img decoding=\"async\" src=\"https:\/\/maroufturk.com\/wp-content\/uploads\/2023\/08\/pexels-cottonbro-studio-5532711.jpg\" alt=\"Production Lines\"><div class=\"portfolio-details\"><h3>Lignes de production<\/h3><p>Views: 2507<\/p><\/div><\/a><\/div><div class=\"portfolio-item hidden\"><a href=\"https:\/\/maroufturk.com\/fr\/portfolio\/aluminium-systems\/\"><img decoding=\"async\" src=\"https:\/\/maroufturk.com\/wp-content\/uploads\/2023\/08\/pexels-soloman-soh-1492232.jpg\" alt=\"Aluminium Systems\"><div class=\"portfolio-details\"><h3>Syst\u00e8mes en aluminium<\/h3><p>Views: 2350<\/p><\/div><\/a><\/div><div class=\"portfolio-item hidden\"><a href=\"https:\/\/maroufturk.com\/fr\/portfolio\/equipments\/\"><img decoding=\"async\" src=\"https:\/\/maroufturk.com\/wp-content\/uploads\/2023\/09\/pexels-anamul-rezwan-1116035.jpg\" alt=\"Equipments\"><div class=\"portfolio-details\"><h3>\u00c9quipements<\/h3><p>Views: 2310<\/p><\/div><\/a><\/div><div class=\"portfolio-item hidden\"><a href=\"https:\/\/maroufturk.com\/fr\/portfolio\/chemicals\/\"><img decoding=\"async\" src=\"https:\/\/maroufturk.com\/wp-content\/uploads\/2023\/09\/pexels-chokniti-khongchum-2280571.jpg\" alt=\"Chemicals\"><div class=\"portfolio-details\"><h3>Produits chimiques<\/h3><p>Views: 2302<\/p><\/div><\/a><\/div><div class=\"portfolio-item hidden\"><a href=\"https:\/\/maroufturk.com\/fr\/portfolio\/auto-accessories\/\"><img decoding=\"async\" src=\"https:\/\/maroufturk.com\/wp-content\/uploads\/2023\/08\/pexels-jay-pizzle-3802510.jpg\" alt=\"Auto Accessories\"><div class=\"portfolio-details\"><h3>Accessoires auto<\/h3><p>Views: 2298<\/p><\/div><\/a><\/div><div class=\"portfolio-item hidden\"><a href=\"https:\/\/maroufturk.com\/fr\/portfolio\/lighting\/\"><img decoding=\"async\" src=\"https:\/\/maroufturk.com\/wp-content\/uploads\/2023\/08\/pexels-valeria-boltneva-1123262.jpg\" alt=\"Electrical &#038; Lighting\"><div class=\"portfolio-details\"><h3>\u00c9lectricit\u00e9 et \u00e9clairage<\/h3><p>Views: 2281<\/p><\/div><\/a><\/div><div class=\"portfolio-item hidden\"><a href=\"https:\/\/maroufturk.com\/fr\/portfolio\/textile\/\"><img decoding=\"async\" src=\"https:\/\/maroufturk.com\/wp-content\/uploads\/2023\/08\/Textile.jpg\" alt=\"Textile\"><div class=\"portfolio-details\"><h3>Textile<\/h3><p>Views: 2254<\/p><\/div><\/a><\/div><div class=\"portfolio-item hidden\"><a href=\"https:\/\/maroufturk.com\/fr\/portfolio\/sanitary\/\"><img decoding=\"async\" src=\"https:\/\/maroufturk.com\/wp-content\/uploads\/2023\/08\/pexels-max-rahubovskiy-6283974.jpg\" alt=\"Sanitary\"><div class=\"portfolio-details\"><h3>Sanitaire<\/h3><p>Views: 2224<\/p><\/div><\/a><\/div><div class=\"portfolio-item hidden\"><a href=\"https:\/\/maroufturk.com\/fr\/portfolio\/construction-projects\/\"><img decoding=\"async\" src=\"https:\/\/maroufturk.com\/wp-content\/uploads\/2023\/08\/pexels-engin-akyurt-1463917.jpg\" alt=\"Construction\"><div class=\"portfolio-details\"><h3>Construction<\/h3><p>Views: 2221<\/p><\/div><\/a><\/div><div class=\"portfolio-item hidden\"><a href=\"https:\/\/maroufturk.com\/fr\/portfolio\/home-accessories-equipment\/\"><img decoding=\"async\" src=\"https:\/\/maroufturk.com\/wp-content\/uploads\/2023\/08\/home-accessories.jpg\" alt=\"Home Accessories\"><div class=\"portfolio-details\"><h3>Accessoires pour la maison<\/h3><p>Views: 2216<\/p><\/div><\/a><\/div><div class=\"portfolio-item hidden\"><a href=\"https:\/\/maroufturk.com\/fr\/portfolio\/food-supplies\/\"><img decoding=\"async\" src=\"https:\/\/maroufturk.com\/wp-content\/uploads\/2023\/08\/pexels-ella-olsson-572949-1640777-scaled.jpg\" alt=\"Food Supplies\"><div class=\"portfolio-details\"><h3>Ravitaillement<\/h3><p>Views: 2210<\/p><\/div><\/a><\/div><div class=\"portfolio-item hidden\"><a href=\"https:\/\/maroufturk.com\/fr\/portfolio\/doors-gates\/\"><img decoding=\"async\" src=\"https:\/\/maroufturk.com\/wp-content\/uploads\/2023\/08\/pexels-max-rahubovskiy-8134817.jpg\" alt=\"Doors &amp; Gates\"><div class=\"portfolio-details\"><h3>Portes et portails<\/h3><p>Views: 2184<\/p><\/div><\/a><\/div><div class=\"portfolio-item hidden\"><a href=\"https:\/\/maroufturk.com\/fr\/portfolio\/ceiling-covers\/\"><img decoding=\"async\" src=\"https:\/\/maroufturk.com\/wp-content\/uploads\/2023\/08\/Ceiling-Covers.jpg\" alt=\"Ceiling Covers\"><div class=\"portfolio-details\"><h3>Couvertures de plafond<\/h3><p>Views: 2174<\/p><\/div><\/a><\/div><div class=\"portfolio-item hidden\"><a href=\"https:\/\/maroufturk.com\/fr\/portfolio\/medical-supplies\/\"><img decoding=\"async\" src=\"https:\/\/maroufturk.com\/wp-content\/uploads\/2023\/08\/pexels-pixabay-247786.jpg\" alt=\"Medical Supplies\"><div class=\"portfolio-details\"><h3>Fournitures m\u00e9dicales<\/h3><p>Views: 2170<\/p><\/div><\/a><\/div><div class=\"portfolio-item hidden\"><a href=\"https:\/\/maroufturk.com\/fr\/portfolio\/services\/\"><img decoding=\"async\" src=\"https:\/\/maroufturk.com\/wp-content\/uploads\/2025\/12\/SERVICES-scaled.jpg\" alt=\"Services\"><div class=\"portfolio-details\"><h3>Prestations de service<\/h3><p>Views: 955<\/p><\/div><\/a><\/div><\/div><button id=\"load-more-portfolios\">Charger plus<\/button><\/div><\/div>\n\t\t\t\t\t\t<\/div>\n\t\t\t\t<\/div>\n\t\t\t\t\t<\/div>\n\t\t<\/div>\n\t\t\t\t\t<\/div>\n\t\t<\/section>\n\t\t\t\t<\/div>","protected":false},"excerpt":{"rendered":"","protected":false},"author":1,"featured_media":0,"parent":0,"menu_order":0,"comment_status":"closed","ping_status":"closed","template":"","meta":{"footnotes":""},"class_list":["post-2118","page","type-page","status-publish","hentry"],"_links":{"self":[{"href":"https:\/\/maroufturk.com\/fr\/wp-json\/wp\/v2\/pages\/2118","targetHints":{"allow":["GET"]}}],"collection":[{"href":"https:\/\/maroufturk.com\/fr\/wp-json\/wp\/v2\/pages"}],"about":[{"href":"https:\/\/maroufturk.com\/fr\/wp-json\/wp\/v2\/types\/page"}],"author":[{"embeddable":true,"href":"https:\/\/maroufturk.com\/fr\/wp-json\/wp\/v2\/users\/1"}],"replies":[{"embeddable":true,"href":"https:\/\/maroufturk.com\/fr\/wp-json\/wp\/v2\/comments?post=2118"}],"version-history":[{"count":0,"href":"https:\/\/maroufturk.com\/fr\/wp-json\/wp\/v2\/pages\/2118\/revisions"}],"wp:attachment":[{"href":"https:\/\/maroufturk.com\/fr\/wp-json\/wp\/v2\/media?parent=2118"}],"curies":[{"name":"wp","href":"https:\/\/api.w.org\/{rel}","templated":true}]}}