{"id":2227,"date":"2025-02-15T21:54:58","date_gmt":"2025-02-15T21:54:58","guid":{"rendered":"https:\/\/maroufturk.com\/?page_id=2227"},"modified":"2025-02-18T13:04:37","modified_gmt":"2025-02-18T13:04:37","slug":"contact-us","status":"publish","type":"page","link":"https:\/\/maroufturk.com\/it\/contact-us\/","title":{"rendered":"Contattaci"},"content":{"rendered":"<div data-elementor-type=\"wp-page\" data-elementor-id=\"2227\" class=\"elementor elementor-2227\">\n\t\t\t\t\t\t<section class=\"elementor-section elementor-top-section elementor-element elementor-element-50e2243 elementor-section-boxed elementor-section-height-default elementor-section-height-default\" data-id=\"50e2243\" data-element_type=\"section\" data-e-type=\"section\">\n\t\t\t\t\t\t<div class=\"elementor-container elementor-column-gap-default\">\n\t\t\t\t\t<div class=\"aux-parallax-section elementor-column elementor-col-50 elementor-top-column elementor-element elementor-element-172356a\" data-id=\"172356a\" data-element_type=\"column\" data-e-type=\"column\">\n\t\t\t<div class=\"elementor-widget-wrap elementor-element-populated\">\n\t\t\t\t\t\t<div class=\"elementor-element elementor-element-4722fa0 aux-appear-watch-animation aux-fade-in-up-1 elementor-widget elementor-widget-aux_modern_heading\" data-id=\"4722fa0\" data-element_type=\"widget\" data-e-type=\"widget\" data-widget_type=\"aux_modern_heading.default\">\n\t\t\t\t<div class=\"elementor-widget-container\">\n\t\t\t\t\t<section class=\"aux-widget-modern-heading\">\n            <div class=\"aux-widget-inner\"><h1 class=\"aux-modern-heading-primary\">Contattaci<\/h1><h3 class=\"aux-modern-heading-secondary\"><span class=\"aux-head-before\">Pronto per iniziare il progetto <\/span><span class=\"aux-head-highlight\">parliamo<\/span><\/h3><div class=\"aux-modern-heading-divider\"><\/div><\/div>\n        <\/section>\t\t\t\t<\/div>\n\t\t\t\t<\/div>\n\t\t\t\t<div class=\"elementor-element elementor-element-0ab4027 elementor-widget elementor-widget-aux_contact_form\" data-id=\"0ab4027\" data-element_type=\"widget\" data-e-type=\"widget\" data-widget_type=\"aux_contact_form.default\">\n\t\t\t\t<div class=\"elementor-widget-container\">\n\t\t\t\t\t<section class=\"widget-container aux-widget-contact-form aux-parent-au21e80f55\">            <div class=\"aux-col-wrapper aux-no-gutter\">\n            <!-- @TODO - The output for element here -->\n\n            \n            \n            <form action=\"https:\/\/maroufturk.com\/it\/contact-us\/\" id=\"contactForm\" class=\"aux-contact-form\" method=\"post\" data-trp-original-action=\"https:\/\/maroufturk.com\/it\/contact-us\/\" >\n                <input type=\"text\"  name=\"cName\"    id=\"cName\"    placeholder=\"Nome\" required>\n                <input type=\"email\" name=\"cEmail\"   id=\"cEmail\"   placeholder=\"E-mail\" required>\n                <input type=\"text\"  name=\"cURL\"     id=\"cURL\"     placeholder=\"Sito web\" >\n                <textarea           name=\"cComment\" id=\"cComment\" placeholder=\"Messaggio\" required><\/textarea>\n                <input type=\"submit\" id=\"submit\" class=\"submit\"  value=\"Invia\" >\n\n                \n                <input type=\"hidden\" name=\"formSubmitted\" id=\"formSubmitted\" value=\"true\" \/>\n            <input type=\"hidden\" name=\"trp-form-language\" value=\"it\"\/><\/form>\n\n            \n\n            <\/div><!-- aux-col-wrapper -->\n    <\/section><!-- widget-container -->\t\t\t\t<\/div>\n\t\t\t\t<\/div>\n\t\t\t\t\t<\/div>\n\t\t<\/div>\n\t\t\t\t<div class=\"aux-parallax-section elementor-column elementor-col-50 elementor-top-column elementor-element elementor-element-a3a4c65\" data-id=\"a3a4c65\" data-element_type=\"column\" data-e-type=\"column\" data-settings=\"{&quot;background_background&quot;:&quot;classic&quot;}\">\n\t\t\t<div class=\"elementor-widget-wrap elementor-element-populated\">\n\t\t\t\t\t\t<div class=\"elementor-element elementor-element-f59bb7a elementor-widget elementor-widget-google_maps\" data-id=\"f59bb7a\" data-element_type=\"widget\" data-e-type=\"widget\" data-widget_type=\"google_maps.default\">\n\t\t\t\t<div class=\"elementor-widget-container\">\n\t\t\t\t\t\t\t<div class=\"elementor-custom-embed\">\n\t\t\t<iframe loading=\"lazy\"\n\t\t\t\t\tsrc=\"https:\/\/maps.google.com\/maps?q=MOLLA%20G%C3%9CRAN%C4%B0%20MAH.%20O%C4%9EUZHAN%20CAD.%20NO%3A%2024%20%C4%B0%C3%87%20KAPI%20NO%3A%207%20FAT%C4%B0H%2F%20%C4%B0STANBUL&#038;t=m&#038;z=10&#038;output=embed&#038;iwloc=near\"\n\t\t\t\t\ttitle=\"MOLLA G\u00dcRAN\u0130 MAH. O\u011eUZHAN CAD. NO: 24 \u0130\u00c7 KAPI NO: 7 FAT\u0130H\/ \u0130STANBUL\"\n\t\t\t\t\taria-label=\"MOLLA G\u00dcRAN\u0130 MAH. O\u011eUZHAN CAD. NO: 24 \u0130\u00c7 KAPI NO: 7 FAT\u0130H\/ \u0130STANBUL\"\n\t\t\t><\/iframe>\n\t\t<\/div>\n\t\t\t\t\t\t<\/div>\n\t\t\t\t<\/div>\n\t\t\t\t<section class=\"elementor-section elementor-inner-section elementor-element elementor-element-7cbcba5 elementor-section-boxed elementor-section-height-default elementor-section-height-default\" data-id=\"7cbcba5\" data-element_type=\"section\" data-e-type=\"section\">\n\t\t\t\t\t\t<div class=\"elementor-container elementor-column-gap-no\">\n\t\t\t\t\t<div class=\"aux-parallax-section elementor-column elementor-col-33 elementor-inner-column elementor-element elementor-element-f15314f\" data-id=\"f15314f\" data-element_type=\"column\" data-e-type=\"column\">\n\t\t\t<div class=\"elementor-widget-wrap elementor-element-populated\">\n\t\t\t\t\t\t<div class=\"elementor-element elementor-element-b972ec6 elementor-widget elementor-widget-aux_modern_heading\" data-id=\"b972ec6\" data-element_type=\"widget\" data-e-type=\"widget\" data-widget_type=\"aux_modern_heading.default\">\n\t\t\t\t<div class=\"elementor-widget-container\">\n\t\t\t\t\t<section class=\"aux-widget-modern-heading\">\n            <div class=\"aux-widget-inner\"><h2 class=\"aux-modern-heading-primary\">Indirizzo:<\/h2><div class=\"aux-modern-heading-description\"><p>\u00dc\u00c7EVLER MAH. 939 , SK NO: (32) BLOK: (B) DAIRE: (51) <br \/>ISTANBUL \/ ESENYURT<\/p><\/div><\/div>\n        <\/section>\t\t\t\t<\/div>\n\t\t\t\t<\/div>\n\t\t\t\t\t<\/div>\n\t\t<\/div>\n\t\t\t\t<div class=\"aux-parallax-section elementor-column elementor-col-33 elementor-inner-column elementor-element elementor-element-f33f717\" data-id=\"f33f717\" data-element_type=\"column\" data-e-type=\"column\">\n\t\t\t<div class=\"elementor-widget-wrap elementor-element-populated\">\n\t\t\t\t\t\t<div class=\"elementor-element elementor-element-1621feb elementor-widget elementor-widget-aux_modern_heading\" data-id=\"1621feb\" data-element_type=\"widget\" data-e-type=\"widget\" data-widget_type=\"aux_modern_heading.default\">\n\t\t\t\t<div class=\"elementor-widget-container\">\n\t\t\t\t\t<section class=\"aux-widget-modern-heading\">\n            <div class=\"aux-widget-inner\"><h2 class=\"aux-modern-heading-primary\">Telefono:<\/h2><div class=\"aux-modern-heading-description\"><p>+90 542 811 41 56<\/p><\/div><\/div>\n        <\/section>\t\t\t\t<\/div>\n\t\t\t\t<\/div>\n\t\t\t\t\t<\/div>\n\t\t<\/div>\n\t\t\t\t<div class=\"aux-parallax-section elementor-column elementor-col-33 elementor-inner-column elementor-element elementor-element-98b338f\" data-id=\"98b338f\" data-element_type=\"column\" data-e-type=\"column\">\n\t\t\t<div class=\"elementor-widget-wrap elementor-element-populated\">\n\t\t\t\t\t\t<div class=\"elementor-element elementor-element-8bf92e0 elementor-widget elementor-widget-aux_modern_heading\" data-id=\"8bf92e0\" data-element_type=\"widget\" data-e-type=\"widget\" data-widget_type=\"aux_modern_heading.default\">\n\t\t\t\t<div class=\"elementor-widget-container\">\n\t\t\t\t\t<section class=\"aux-widget-modern-heading\">\n            <div class=\"aux-widget-inner\"><h2 class=\"aux-modern-heading-primary\">E-mail:<\/h2><div class=\"aux-modern-heading-description\"><p>info@maroufturk.com<\/p><\/div><\/div>\n        <\/section>\t\t\t\t<\/div>\n\t\t\t\t<\/div>\n\t\t\t\t\t<\/div>\n\t\t<\/div>\n\t\t\t\t\t<\/div>\n\t\t<\/section>\n\t\t\t\t\t<\/div>\n\t\t<\/div>\n\t\t\t\t\t<\/div>\n\t\t<\/section>\n\t\t\t\t<\/div>","protected":false},"excerpt":{"rendered":"<p>Contattaci Pronti per iniziare il progetto parliamo Indirizzo: \u00dc\u00c7EVLER MAH. 939 , SK NO: (32) BLOK: (B) DAIRE: (51) ISTANBUL \/ ESENYURT Telefono: +90 542 811 41 56 Email: info@maroufturk.com<\/p>","protected":false},"author":1,"featured_media":0,"parent":0,"menu_order":0,"comment_status":"closed","ping_status":"closed","template":"","meta":{"footnotes":""},"class_list":["post-2227","page","type-page","status-publish","hentry"],"_links":{"self":[{"href":"https:\/\/maroufturk.com\/it\/wp-json\/wp\/v2\/pages\/2227","targetHints":{"allow":["GET"]}}],"collection":[{"href":"https:\/\/maroufturk.com\/it\/wp-json\/wp\/v2\/pages"}],"about":[{"href":"https:\/\/maroufturk.com\/it\/wp-json\/wp\/v2\/types\/page"}],"author":[{"embeddable":true,"href":"https:\/\/maroufturk.com\/it\/wp-json\/wp\/v2\/users\/1"}],"replies":[{"embeddable":true,"href":"https:\/\/maroufturk.com\/it\/wp-json\/wp\/v2\/comments?post=2227"}],"version-history":[{"count":13,"href":"https:\/\/maroufturk.com\/it\/wp-json\/wp\/v2\/pages\/2227\/revisions"}],"predecessor-version":[{"id":2310,"href":"https:\/\/maroufturk.com\/it\/wp-json\/wp\/v2\/pages\/2227\/revisions\/2310"}],"wp:attachment":[{"href":"https:\/\/maroufturk.com\/it\/wp-json\/wp\/v2\/media?parent=2227"}],"curies":[{"name":"wp","href":"https:\/\/api.w.org\/{rel}","templated":true}]}}