{"id":2118,"date":"2025-02-08T14:23:53","date_gmt":"2025-02-08T14:23:53","guid":{"rendered":"https:\/\/maroufturk.com\/?page_id=2118"},"modified":"2025-02-08T14:26:30","modified_gmt":"2025-02-08T14:26:30","slug":"top-viewed-products","status":"publish","type":"page","link":"https:\/\/maroufturk.com\/tr\/top-viewed-products\/","title":{"rendered":"En \u00c7ok G\u00f6r\u00fcnt\u00fclenen \u00dcr\u00fcnler"},"content":{"rendered":"<div data-elementor-type=\"wp-page\" data-elementor-id=\"2118\" class=\"elementor elementor-2118\">\n\t\t\t\t\t\t<section class=\"elementor-section elementor-top-section elementor-element elementor-element-e494122 elementor-section-boxed elementor-section-height-default elementor-section-height-default\" data-id=\"e494122\" data-element_type=\"section\" data-e-type=\"section\">\n\t\t\t\t\t\t<div class=\"elementor-container elementor-column-gap-default\">\n\t\t\t\t\t<div class=\"aux-parallax-section elementor-column elementor-col-100 elementor-top-column elementor-element elementor-element-e2f814e\" data-id=\"e2f814e\" data-element_type=\"column\" data-e-type=\"column\">\n\t\t\t<div class=\"elementor-widget-wrap elementor-element-populated\">\n\t\t\t\t\t\t<div class=\"elementor-element elementor-element-6a71cff elementor-widget elementor-widget-shortcode\" data-id=\"6a71cff\" data-element_type=\"widget\" data-e-type=\"widget\" data-widget_type=\"shortcode.default\">\n\t\t\t\t<div class=\"elementor-widget-container\">\n\t\t\t\t\t\t\t<div class=\"elementor-shortcode\"><div class=\"portfolio-container\"><h2 class=\"portfolio-title\">En \u00c7ok G\u00f6r\u00fcnt\u00fclenen Portf\u00f6yler<\/h2><div class=\"portfolio-grid\"><div class=\"portfolio-item\"><a href=\"https:\/\/maroufturk.com\/tr\/portfolio\/raw-materials-nhl-3-5-wood-logs\/\"><img decoding=\"async\" src=\"https:\/\/maroufturk.com\/wp-content\/uploads\/2023\/08\/Raw-Materials.jpg\" alt=\"Raw Materials\"><div class=\"portfolio-details\"><h3>Ham maddeler<\/h3><p>Views: 7481<\/p><\/div><\/a><\/div><div class=\"portfolio-item\"><a href=\"https:\/\/maroufturk.com\/tr\/portfolio\/high-tech-engineering-solutions\/\"><img decoding=\"async\" src=\"https:\/\/maroufturk.com\/wp-content\/uploads\/2023\/08\/pexels-pixabay-256381.jpg\" alt=\"High-Tech Engineering Solutions\"><div class=\"portfolio-details\"><h3>Y\u00fcksek Teknoloji M\u00fchendislik \u00c7\u00f6z\u00fcmleri<\/h3><p>Views: 3351<\/p><\/div><\/a><\/div><div class=\"portfolio-item\"><a href=\"https:\/\/maroufturk.com\/tr\/portfolio\/furniture\/\"><img decoding=\"async\" src=\"https:\/\/maroufturk.com\/wp-content\/uploads\/2023\/08\/pexels-max-rahubovskiy-6782578.jpg\" alt=\"Furniture\"><div class=\"portfolio-details\"><h3>Mobilya<\/h3><p>Views: 3109<\/p><\/div><\/a><\/div><div class=\"portfolio-item\"><a href=\"https:\/\/maroufturk.com\/tr\/portfolio\/cosmetic\/\"><img decoding=\"async\" src=\"https:\/\/maroufturk.com\/wp-content\/uploads\/2024\/01\/pexels-moose-photos-1029896.jpg\" alt=\"Cosmetic\"><div class=\"portfolio-details\"><h3>Kozmetik<\/h3><p>Views: 2539<\/p><\/div><\/a><\/div><div class=\"portfolio-item\"><a href=\"https:\/\/maroufturk.com\/tr\/portfolio\/eco-friendly-materials\/\"><img decoding=\"async\" src=\"https:\/\/maroufturk.com\/wp-content\/uploads\/2025\/01\/pexels-kelly-1179532-4320473.jpg\" alt=\"Eco Friendly Materials\"><div class=\"portfolio-details\"><h3>\u00c7evre Dostu Malzemeler<\/h3><p>Views: 2516<\/p><\/div><\/a><\/div><div class=\"portfolio-item\"><a href=\"https:\/\/maroufturk.com\/tr\/portfolio\/accessories\/\"><img decoding=\"async\" src=\"https:\/\/maroufturk.com\/wp-content\/uploads\/2023\/08\/Accessories.jpg\" alt=\"Accessories\"><div class=\"portfolio-details\"><h3>Aksesuarlar<\/h3><p>Views: 2478<\/p><\/div><\/a><\/div><div class=\"portfolio-item\"><a href=\"https:\/\/maroufturk.com\/tr\/portfolio\/wall-covers\/\"><img decoding=\"async\" src=\"https:\/\/maroufturk.com\/wp-content\/uploads\/2023\/08\/Wall-Covers.jpg\" alt=\"Wall Covers\"><div class=\"portfolio-details\"><h3>Duvar Ka\u011f\u0131tlar\u0131<\/h3><p>Views: 2477<\/p><\/div><\/a><\/div><div class=\"portfolio-item\"><a href=\"https:\/\/maroufturk.com\/tr\/portfolio\/landscape\/\"><img decoding=\"async\" src=\"https:\/\/maroufturk.com\/wp-content\/uploads\/2023\/08\/Landscape.jpg\" alt=\"Landscape\"><div class=\"portfolio-details\"><h3>Peyzaj<\/h3><p>Views: 2463<\/p><\/div><\/a><\/div><div class=\"portfolio-item\"><a href=\"https:\/\/maroufturk.com\/tr\/portfolio\/flooring-marble-hdf-mdf-laminated-floor-porcelain-ceramic-floor-carpet-rug\/\"><img decoding=\"async\" src=\"https:\/\/maroufturk.com\/wp-content\/uploads\/2023\/08\/pexels-bidvine-1249611.jpg\" alt=\"Flooring\"><div class=\"portfolio-details\"><h3>D\u00f6\u015feme<\/h3><p>Views: 2436<\/p><\/div><\/a><\/div><div class=\"portfolio-item hidden\"><a href=\"https:\/\/maroufturk.com\/tr\/portfolio\/complete-projects\/\"><img decoding=\"async\" src=\"https:\/\/maroufturk.com\/wp-content\/uploads\/2023\/08\/pexels-adrien-olichon-3137068.jpg\" alt=\"Complete Projects\"><div class=\"portfolio-details\"><h3>Tamamlanan projeler<\/h3><p>Views: 2416<\/p><\/div><\/a><\/div><div class=\"portfolio-item hidden\"><a href=\"https:\/\/maroufturk.com\/tr\/portfolio\/production-lines\/\"><img decoding=\"async\" src=\"https:\/\/maroufturk.com\/wp-content\/uploads\/2023\/08\/pexels-cottonbro-studio-5532711.jpg\" alt=\"Production Lines\"><div class=\"portfolio-details\"><h3>\u00dcretim Hatlar\u0131<\/h3><p>Views: 2362<\/p><\/div><\/a><\/div><div class=\"portfolio-item hidden\"><a href=\"https:\/\/maroufturk.com\/tr\/portfolio\/aluminium-systems\/\"><img decoding=\"async\" src=\"https:\/\/maroufturk.com\/wp-content\/uploads\/2023\/08\/pexels-soloman-soh-1492232.jpg\" alt=\"Aluminium Systems\"><div class=\"portfolio-details\"><h3>Al\u00fcminyum Sistemler<\/h3><p>Views: 2189<\/p><\/div><\/a><\/div><div class=\"portfolio-item hidden\"><a href=\"https:\/\/maroufturk.com\/tr\/portfolio\/equipments\/\"><img decoding=\"async\" src=\"https:\/\/maroufturk.com\/wp-content\/uploads\/2023\/09\/pexels-anamul-rezwan-1116035.jpg\" alt=\"Equipments\"><div class=\"portfolio-details\"><h3>Ekipmanlar<\/h3><p>Views: 2184<\/p><\/div><\/a><\/div><div class=\"portfolio-item hidden\"><a href=\"https:\/\/maroufturk.com\/tr\/portfolio\/auto-accessories\/\"><img decoding=\"async\" src=\"https:\/\/maroufturk.com\/wp-content\/uploads\/2023\/08\/pexels-jay-pizzle-3802510.jpg\" alt=\"Auto Accessories\"><div class=\"portfolio-details\"><h3>Otomobil aksesuarlar\u0131<\/h3><p>Views: 2168<\/p><\/div><\/a><\/div><div class=\"portfolio-item hidden\"><a href=\"https:\/\/maroufturk.com\/tr\/portfolio\/chemicals\/\"><img decoding=\"async\" src=\"https:\/\/maroufturk.com\/wp-content\/uploads\/2023\/09\/pexels-chokniti-khongchum-2280571.jpg\" alt=\"Chemicals\"><div class=\"portfolio-details\"><h3>Kimyasallar<\/h3><p>Views: 2164<\/p><\/div><\/a><\/div><div class=\"portfolio-item hidden\"><a href=\"https:\/\/maroufturk.com\/tr\/portfolio\/lighting\/\"><img decoding=\"async\" src=\"https:\/\/maroufturk.com\/wp-content\/uploads\/2023\/08\/pexels-valeria-boltneva-1123262.jpg\" alt=\"Electrical &#038; Lighting\"><div class=\"portfolio-details\"><h3>Elektrik &amp; Ayd\u0131nlatma<\/h3><p>Views: 2145<\/p><\/div><\/a><\/div><div class=\"portfolio-item hidden\"><a href=\"https:\/\/maroufturk.com\/tr\/portfolio\/textile\/\"><img decoding=\"async\" src=\"https:\/\/maroufturk.com\/wp-content\/uploads\/2023\/08\/Textile.jpg\" alt=\"Textile\"><div class=\"portfolio-details\"><h3>Tekstil<\/h3><p>Views: 2116<\/p><\/div><\/a><\/div><div class=\"portfolio-item hidden\"><a href=\"https:\/\/maroufturk.com\/tr\/portfolio\/sanitary\/\"><img decoding=\"async\" src=\"https:\/\/maroufturk.com\/wp-content\/uploads\/2023\/08\/pexels-max-rahubovskiy-6283974.jpg\" alt=\"Sanitary\"><div class=\"portfolio-details\"><h3>S\u0131hhi<\/h3><p>Views: 2091<\/p><\/div><\/a><\/div><div class=\"portfolio-item hidden\"><a href=\"https:\/\/maroufturk.com\/tr\/portfolio\/construction-projects\/\"><img decoding=\"async\" src=\"https:\/\/maroufturk.com\/wp-content\/uploads\/2023\/08\/pexels-engin-akyurt-1463917.jpg\" alt=\"Construction\"><div class=\"portfolio-details\"><h3>Yap\u0131<\/h3><p>Views: 2078<\/p><\/div><\/a><\/div><div class=\"portfolio-item hidden\"><a href=\"https:\/\/maroufturk.com\/tr\/portfolio\/food-supplies\/\"><img decoding=\"async\" src=\"https:\/\/maroufturk.com\/wp-content\/uploads\/2023\/08\/pexels-ella-olsson-572949-1640777-scaled.jpg\" alt=\"Food Supplies\"><div class=\"portfolio-details\"><h3>Besin kaynaklar\u0131<\/h3><p>Views: 2074<\/p><\/div><\/a><\/div><div class=\"portfolio-item hidden\"><a href=\"https:\/\/maroufturk.com\/tr\/portfolio\/home-accessories-equipment\/\"><img decoding=\"async\" src=\"https:\/\/maroufturk.com\/wp-content\/uploads\/2023\/08\/home-accessories.jpg\" alt=\"Home Accessories\"><div class=\"portfolio-details\"><h3>Ev aksesuarlar\u0131<\/h3><p>Views: 2070<\/p><\/div><\/a><\/div><div class=\"portfolio-item hidden\"><a href=\"https:\/\/maroufturk.com\/tr\/portfolio\/doors-gates\/\"><img decoding=\"async\" src=\"https:\/\/maroufturk.com\/wp-content\/uploads\/2023\/08\/pexels-max-rahubovskiy-8134817.jpg\" alt=\"Doors &amp; Gates\"><div class=\"portfolio-details\"><h3>Giri\u015f ve kap\u0131lar<\/h3><p>Views: 2066<\/p><\/div><\/a><\/div><div class=\"portfolio-item hidden\"><a href=\"https:\/\/maroufturk.com\/tr\/portfolio\/ceiling-covers\/\"><img decoding=\"async\" src=\"https:\/\/maroufturk.com\/wp-content\/uploads\/2023\/08\/Ceiling-Covers.jpg\" alt=\"Ceiling Covers\"><div class=\"portfolio-details\"><h3>Tavan Kapaklar\u0131<\/h3><p>Views: 2036<\/p><\/div><\/a><\/div><div class=\"portfolio-item hidden\"><a href=\"https:\/\/maroufturk.com\/tr\/portfolio\/medical-supplies\/\"><img decoding=\"async\" src=\"https:\/\/maroufturk.com\/wp-content\/uploads\/2023\/08\/pexels-pixabay-247786.jpg\" alt=\"Medical Supplies\"><div class=\"portfolio-details\"><h3>T\u0131bbi malzemeler<\/h3><p>Views: 2028<\/p><\/div><\/a><\/div><div class=\"portfolio-item hidden\"><a href=\"https:\/\/maroufturk.com\/tr\/portfolio\/services\/\"><img decoding=\"async\" src=\"https:\/\/maroufturk.com\/wp-content\/uploads\/2025\/12\/SERVICES-scaled.jpg\" alt=\"Services\"><div class=\"portfolio-details\"><h3>Hizmetlerimiz<\/h3><p>G\u00f6r\u00fcnt\u00fclenme: 878<\/p><\/div><\/a><\/div><\/div><button id=\"load-more-portfolios\">Daha Fazlas\u0131n\u0131 Y\u00fckle<\/button><\/div><\/div>\n\t\t\t\t\t\t<\/div>\n\t\t\t\t<\/div>\n\t\t\t\t\t<\/div>\n\t\t<\/div>\n\t\t\t\t\t<\/div>\n\t\t<\/section>\n\t\t\t\t<\/div>","protected":false},"excerpt":{"rendered":"","protected":false},"author":1,"featured_media":0,"parent":0,"menu_order":0,"comment_status":"closed","ping_status":"closed","template":"","meta":{"footnotes":""},"class_list":["post-2118","page","type-page","status-publish","hentry"],"_links":{"self":[{"href":"https:\/\/maroufturk.com\/tr\/wp-json\/wp\/v2\/pages\/2118","targetHints":{"allow":["GET"]}}],"collection":[{"href":"https:\/\/maroufturk.com\/tr\/wp-json\/wp\/v2\/pages"}],"about":[{"href":"https:\/\/maroufturk.com\/tr\/wp-json\/wp\/v2\/types\/page"}],"author":[{"embeddable":true,"href":"https:\/\/maroufturk.com\/tr\/wp-json\/wp\/v2\/users\/1"}],"replies":[{"embeddable":true,"href":"https:\/\/maroufturk.com\/tr\/wp-json\/wp\/v2\/comments?post=2118"}],"version-history":[{"count":0,"href":"https:\/\/maroufturk.com\/tr\/wp-json\/wp\/v2\/pages\/2118\/revisions"}],"wp:attachment":[{"href":"https:\/\/maroufturk.com\/tr\/wp-json\/wp\/v2\/media?parent=2118"}],"curies":[{"name":"wp","href":"https:\/\/api.w.org\/{rel}","templated":true}]}}