{"id":2227,"date":"2025-02-15T21:54:58","date_gmt":"2025-02-15T21:54:58","guid":{"rendered":"https:\/\/maroufturk.com\/?page_id=2227"},"modified":"2026-05-08T18:14:04","modified_gmt":"2026-05-08T18:14:04","slug":"contact-us","status":"publish","type":"page","link":"https:\/\/maroufturk.com\/tr\/contact-us\/","title":{"rendered":"Bize Ula\u015f\u0131n"},"content":{"rendered":"\t\t<div data-elementor-type=\"wp-page\" data-elementor-id=\"2227\" class=\"elementor elementor-2227\">\n\t\t\t\t\t\t<section class=\"elementor-section elementor-top-section elementor-element elementor-element-50e2243 elementor-section-boxed elementor-section-height-default elementor-section-height-default\" data-id=\"50e2243\" data-element_type=\"section\" data-e-type=\"section\">\n\t\t\t\t\t\t<div class=\"elementor-container elementor-column-gap-default\">\n\t\t\t\t\t<div class=\"aux-parallax-section elementor-column elementor-col-50 elementor-top-column elementor-element elementor-element-172356a\" data-id=\"172356a\" data-element_type=\"column\" data-e-type=\"column\">\n\t\t\t<div class=\"elementor-widget-wrap elementor-element-populated\">\n\t\t\t\t\t\t<div class=\"elementor-element elementor-element-4722fa0 aux-appear-watch-animation aux-fade-in-up-1 elementor-widget elementor-widget-aux_modern_heading\" data-id=\"4722fa0\" data-element_type=\"widget\" data-e-type=\"widget\" data-widget_type=\"aux_modern_heading.default\">\n\t\t\t\t<div class=\"elementor-widget-container\">\n\t\t\t\t\t<section class=\"aux-widget-modern-heading\">\n            <div class=\"aux-widget-inner\"><h1 class=\"aux-modern-heading-primary\">Contact us<\/h1><h3 class=\"aux-modern-heading-secondary\"><span class=\"aux-head-before\">Ready to start project <\/span><span class=\"aux-head-highlight\">let's talk<\/span><\/h3><div class=\"aux-modern-heading-divider\"><\/div><\/div>\n        <\/section>\t\t\t\t<\/div>\n\t\t\t\t<\/div>\n\t\t\t\t<div class=\"elementor-element elementor-element-c4d95d9 elementor-widget elementor-widget-shortcode\" data-id=\"c4d95d9\" data-element_type=\"widget\" data-e-type=\"widget\" data-widget_type=\"shortcode.default\">\n\t\t\t\t<div class=\"elementor-widget-container\">\n\t\t\t\t\t\t\t<div class=\"elementor-shortcode\"><style id=\"hedj-forms-public-styles\">\n            .hedj-form-shell{background:linear-gradient(180deg,var(--hedj-bg),#fff);border:1px solid var(--hedj-border);border-radius:var(--hedj-radius);padding:28px;box-shadow:0 18px 45px rgba(15,34,58,.08);color:var(--hedj-text);max-width:900px}\n            .hedj-form-notice{border-radius:14px;padding:14px 16px;margin-bottom:18px;font-weight:600}\n            .hedj-form-notice-success{background:rgba(16,185,129,.12);color:#0f5132}\n            .hedj-form-notice-error{background:rgba(220,53,69,.11);color:#842029}\n            .hedj-public-form{display:block}\n            .hedj-public-grid{display:grid;grid-template-columns:repeat(2,minmax(0,1fr));gap:18px}\n            .hedj-field{display:flex;flex-direction:column;gap:8px}\n            .hedj-full{grid-column:1\/-1}\n            .hedj-half{grid-column:span 1}\n            .hedj-field label,.hedj-choice-group legend{font-weight:600;font-size:14px;color:var(--hedj-text)}\n            .hedj-field input:not([type=checkbox]):not([type=radio]):not([type=color]):not([type=file]),.hedj-field textarea,.hedj-field select{width:100%;border:1px solid var(--hedj-border);border-radius:calc(var(--hedj-radius) - 8px);padding:14px 15px;font-size:15px;background:#fff;color:var(--hedj-text);box-sizing:border-box}\n            .hedj-field input[type=color]{width:56px;height:44px;padding:2px;border:1px solid var(--hedj-border);border-radius:12px;background:#fff}\n            .hedj-field textarea{min-height:140px;resize:vertical}\n            .hedj-field small{font-size:12px;color:#667085}\n            .hedj-inline-check,.hedj-choice-option{display:flex;align-items:center;gap:10px;font-weight:500}\n            .hedj-choice-group{border:1px solid var(--hedj-border);border-radius:calc(var(--hedj-radius) - 8px);padding:14px 16px;background:#fff}\n            .hedj-choice-group legend{padding:0 8px}\n            .hedj-choice-option + .hedj-choice-option{margin-top:10px}\n            .hedj-content-block h3,.hedj-content-block p{margin:0}\n            .hedj-submit-row{margin-top:20px}\n            .hedj-submit-button{background:var(--hedj-accent);color:var(--hedj-button-text);border:0;border-radius:999px;padding:14px 26px;font-size:15px;font-weight:700;cursor:pointer;box-shadow:0 16px 30px rgba(15,109,255,.22)}\n            .hedj-submit-button:hover{opacity:.92}\n            @media (max-width: 720px){\n                .hedj-form-shell{padding:20px}\n                .hedj-public-grid{grid-template-columns:1fr}\n                .hedj-half{grid-column:1\/-1}\n            }\n        <\/style><div id=\"hedj-form-2\" class=\"hedj-form-shell\" style=\"--hedj-accent:#ff8f0f;--hedj-bg:#f4f7fb;--hedj-text:#17253d;--hedj-border:#d8e0ec;--hedj-button-text:#ffffff;--hedj-radius:18px;\"><form class=\"hedj-public-form\" method=\"post\" action=\"https:\/\/maroufturk.com\/wp-admin\/admin-post.php\" enctype=\"multipart\/form-data\"><input type=\"hidden\" name=\"action\" value=\"hedj_forms_submit\"><input type=\"hidden\" name=\"form_id\" value=\"2\"><input type=\"hidden\" name=\"redirect_to\" value=\"https:\/\/maroufturk.com\/tr\/wp-json\/wp\/v2\/pages\/2227\"><input type=\"hidden\" id=\"hedj_forms_nonce\" name=\"hedj_forms_nonce\" value=\"18c50b5f63\" \/><input type=\"hidden\" name=\"_wp_http_referer\" value=\"\/tr\/wp-json\/wp\/v2\/pages\/2227\" \/><div class=\"hedj-public-grid\"><div class=\"hedj-field hedj-full\"><label for=\"hedj-2-fullname\">Fullname *<\/label><input type=\"text\" id=\"hedj-2-fullname\" name=\"hedj_fields[fullname]\" value=\"\" placeholder=\"\" required><\/div><div class=\"hedj-field hedj-full\"><label for=\"hedj-2-email\">Email *<\/label><input type=\"email\" id=\"hedj-2-email\" name=\"hedj_fields[email]\" value=\"\" placeholder=\"\" required><\/div><div class=\"hedj-field hedj-full\"><label for=\"hedj-2-message\">Message *<\/label><textarea id=\"hedj-2-message\" name=\"hedj_fields[message]\" placeholder=\"\" required><\/textarea><\/div><\/div><div class=\"hedj-submit-row\"><button type=\"submit\" class=\"hedj-submit-button\">Submit<\/button><\/div><\/form><\/div><\/div>\n\t\t\t\t\t\t<\/div>\n\t\t\t\t<\/div>\n\t\t\t\t\t<\/div>\n\t\t<\/div>\n\t\t\t\t<div class=\"aux-parallax-section elementor-column elementor-col-50 elementor-top-column elementor-element elementor-element-a3a4c65\" data-id=\"a3a4c65\" data-element_type=\"column\" data-e-type=\"column\" data-settings=\"{&quot;background_background&quot;:&quot;classic&quot;}\">\n\t\t\t<div class=\"elementor-widget-wrap elementor-element-populated\">\n\t\t\t\t\t\t<div class=\"elementor-element elementor-element-f59bb7a elementor-widget elementor-widget-google_maps\" data-id=\"f59bb7a\" data-element_type=\"widget\" data-e-type=\"widget\" data-widget_type=\"google_maps.default\">\n\t\t\t\t<div class=\"elementor-widget-container\">\n\t\t\t\t\t\t\t<div class=\"elementor-custom-embed\">\n\t\t\t<iframe loading=\"lazy\"\n\t\t\t\t\tsrc=\"https:\/\/maps.google.com\/maps?q=MOLLA%20G%C3%9CRAN%C4%B0%20MAH.%20O%C4%9EUZHAN%20CAD.%20NO%3A%2024%20%C4%B0%C3%87%20KAPI%20NO%3A%207%20FAT%C4%B0H%2F%20%C4%B0STANBUL&#038;t=m&#038;z=10&#038;output=embed&#038;iwloc=near\"\n\t\t\t\t\ttitle=\"MOLLA G\u00dcRAN\u0130 MAH. O\u011eUZHAN CAD. NO: 24 \u0130\u00c7 KAPI NO: 7 FAT\u0130H\/ \u0130STANBUL\"\n\t\t\t\t\taria-label=\"MOLLA G\u00dcRAN\u0130 MAH. O\u011eUZHAN CAD. NO: 24 \u0130\u00c7 KAPI NO: 7 FAT\u0130H\/ \u0130STANBUL\"\n\t\t\t><\/iframe>\n\t\t<\/div>\n\t\t\t\t\t\t<\/div>\n\t\t\t\t<\/div>\n\t\t\t\t<section class=\"elementor-section elementor-inner-section elementor-element elementor-element-7cbcba5 elementor-section-boxed elementor-section-height-default elementor-section-height-default\" data-id=\"7cbcba5\" data-element_type=\"section\" data-e-type=\"section\">\n\t\t\t\t\t\t<div class=\"elementor-container elementor-column-gap-no\">\n\t\t\t\t\t<div class=\"aux-parallax-section elementor-column elementor-col-33 elementor-inner-column elementor-element elementor-element-f15314f\" data-id=\"f15314f\" data-element_type=\"column\" data-e-type=\"column\">\n\t\t\t<div class=\"elementor-widget-wrap elementor-element-populated\">\n\t\t\t\t\t\t<div class=\"elementor-element elementor-element-b972ec6 elementor-widget elementor-widget-aux_modern_heading\" data-id=\"b972ec6\" data-element_type=\"widget\" data-e-type=\"widget\" data-widget_type=\"aux_modern_heading.default\">\n\t\t\t\t<div class=\"elementor-widget-container\">\n\t\t\t\t\t<section class=\"aux-widget-modern-heading\">\n            <div class=\"aux-widget-inner\"><h2 class=\"aux-modern-heading-primary\">Address:<\/h2><div class=\"aux-modern-heading-description\"><p>\u00dc\u00c7EVLER MAH. 939 , SK NO: (32) BLOK: (B) DAIRE: (51) <br \/>ISTANBUL \/ ESENYURT<\/p><\/div><\/div>\n        <\/section>\t\t\t\t<\/div>\n\t\t\t\t<\/div>\n\t\t\t\t\t<\/div>\n\t\t<\/div>\n\t\t\t\t<div class=\"aux-parallax-section elementor-column elementor-col-33 elementor-inner-column elementor-element elementor-element-f33f717\" data-id=\"f33f717\" data-element_type=\"column\" data-e-type=\"column\">\n\t\t\t<div class=\"elementor-widget-wrap elementor-element-populated\">\n\t\t\t\t\t\t<div class=\"elementor-element elementor-element-1621feb elementor-widget elementor-widget-aux_modern_heading\" data-id=\"1621feb\" data-element_type=\"widget\" data-e-type=\"widget\" data-widget_type=\"aux_modern_heading.default\">\n\t\t\t\t<div class=\"elementor-widget-container\">\n\t\t\t\t\t<section class=\"aux-widget-modern-heading\">\n            <div class=\"aux-widget-inner\"><h2 class=\"aux-modern-heading-primary\">Phone:<\/h2><div class=\"aux-modern-heading-description\"><p>+90 542 811 41 56<\/p><\/div><\/div>\n        <\/section>\t\t\t\t<\/div>\n\t\t\t\t<\/div>\n\t\t\t\t\t<\/div>\n\t\t<\/div>\n\t\t\t\t<div class=\"aux-parallax-section elementor-column elementor-col-33 elementor-inner-column elementor-element elementor-element-98b338f\" data-id=\"98b338f\" data-element_type=\"column\" data-e-type=\"column\">\n\t\t\t<div class=\"elementor-widget-wrap elementor-element-populated\">\n\t\t\t\t\t\t<div class=\"elementor-element elementor-element-8bf92e0 elementor-widget elementor-widget-aux_modern_heading\" data-id=\"8bf92e0\" data-element_type=\"widget\" data-e-type=\"widget\" data-widget_type=\"aux_modern_heading.default\">\n\t\t\t\t<div class=\"elementor-widget-container\">\n\t\t\t\t\t<section class=\"aux-widget-modern-heading\">\n            <div class=\"aux-widget-inner\"><h2 class=\"aux-modern-heading-primary\">Email:<\/h2><div class=\"aux-modern-heading-description\"><p>info@maroufturk.com<\/p><\/div><\/div>\n        <\/section>\t\t\t\t<\/div>\n\t\t\t\t<\/div>\n\t\t\t\t\t<\/div>\n\t\t<\/div>\n\t\t\t\t\t<\/div>\n\t\t<\/section>\n\t\t\t\t\t<\/div>\n\t\t<\/div>\n\t\t\t\t\t<\/div>\n\t\t<\/section>\n\t\t\t\t<\/div>\n\t\t","protected":false},"excerpt":{"rendered":"<p>Bize Ula\u015f\u0131n Projeye ba\u015flamaya haz\u0131r m\u0131s\u0131n\u0131z? Konu\u015fal\u0131m Adres: \u00dc\u00c7EVLER MAH. 939 , SK NO: (32) BLOK: (B) DA\u0130RE: (51) \u0130STANBUL \/ ESENYURT Telefon: +90 542 811 41 56 E-posta: info@maroufturk.com<\/p>","protected":false},"author":1,"featured_media":0,"parent":0,"menu_order":0,"comment_status":"closed","ping_status":"closed","template":"","meta":{"footnotes":""},"class_list":["post-2227","page","type-page","status-publish","hentry"],"_links":{"self":[{"href":"https:\/\/maroufturk.com\/tr\/wp-json\/wp\/v2\/pages\/2227","targetHints":{"allow":["GET"]}}],"collection":[{"href":"https:\/\/maroufturk.com\/tr\/wp-json\/wp\/v2\/pages"}],"about":[{"href":"https:\/\/maroufturk.com\/tr\/wp-json\/wp\/v2\/types\/page"}],"author":[{"embeddable":true,"href":"https:\/\/maroufturk.com\/tr\/wp-json\/wp\/v2\/users\/1"}],"replies":[{"embeddable":true,"href":"https:\/\/maroufturk.com\/tr\/wp-json\/wp\/v2\/comments?post=2227"}],"version-history":[{"count":0,"href":"https:\/\/maroufturk.com\/tr\/wp-json\/wp\/v2\/pages\/2227\/revisions"}],"wp:attachment":[{"href":"https:\/\/maroufturk.com\/tr\/wp-json\/wp\/v2\/media?parent=2227"}],"curies":[{"name":"wp","href":"https:\/\/api.w.org\/{rel}","templated":true}]}}